{"id":9168,"date":"2026-03-26T23:35:18","date_gmt":"2026-03-26T21:35:18","guid":{"rendered":"https:\/\/windowslatvia.com\/impresums\/"},"modified":"2026-04-21T22:59:31","modified_gmt":"2026-04-21T19:59:31","slug":"impresums","status":"publish","type":"page","link":"https:\/\/windowslatvia.com\/lv\/impresums\/","title":{"rendered":"Impresums"},"content":{"rendered":"","protected":false},"excerpt":{"rendered":"","protected":false},"author":0,"featured_media":0,"parent":0,"menu_order":0,"comment_status":"closed","ping_status":"closed","template":"template-custom-page.php","meta":{"footnotes":""},"class_list":["post-9168","page","type-page","status-publish","hentry"],"yoast_head":"<!-- This site is optimized with the Yoast SEO plugin v27.2 - https:\/\/yoast.com\/product\/yoast-seo-wordpress\/ -->\n<title>Impresums | Windows Latvia - Illuminator Latvia SIA<\/title>\n<meta name=\"description\" content=\"Juridisk\u0101 inform\u0101cija: Illuminator Latvia SIA, re\u0123. Nr. 40203380111, PVN Nr. LV40203380111, Kalnciems. P\u0101rst\u0101vis, uzraudz\u012bbas iest\u0101des, ES ODR.\" \/>\n<meta name=\"robots\" content=\"index, follow, max-snippet:-1, max-image-preview:large, max-video-preview:-1\" \/>\n<link rel=\"canonical\" href=\"https:\/\/windowslatvia.com\/lv\/wp-json\/wp\/v2\/pages\/9168\/\" \/>\n<meta property=\"og:locale\" content=\"lv_LV\" \/>\n<meta property=\"og:type\" content=\"article\" \/>\n<meta property=\"og:title\" content=\"Impresums | Windows Latvia - Illuminator Latvia SIA\" \/>\n<meta property=\"og:description\" content=\"Juridisk\u0101 inform\u0101cija: Illuminator Latvia SIA, re\u0123. Nr. 40203380111, PVN Nr. LV40203380111, Kalnciems. P\u0101rst\u0101vis, uzraudz\u012bbas iest\u0101des, ES ODR.\" \/>\n<meta property=\"og:url\" content=\"https:\/\/windowslatvia.com\/lv\/wp-json\/wp\/v2\/pages\/9168\/\" \/>\n<meta property=\"og:site_name\" content=\"Windows Latvia\" \/>\n<meta property=\"article:publisher\" content=\"https:\/\/www.facebook.com\/profile.php?id=61555615866217\" \/>\n<meta property=\"article:modified_time\" content=\"2026-04-21T19:59:31+00:00\" \/>\n<meta property=\"og:image\" content=\"https:\/\/windowslatvia.com\/wp-content\/uploads\/2026\/04\/og-home.jpg\" \/>\n\t<meta property=\"og:image:width\" content=\"1200\" \/>\n\t<meta property=\"og:image:height\" content=\"630\" \/>\n\t<meta property=\"og:image:type\" content=\"image\/jpeg\" \/>\n<meta name=\"twitter:card\" content=\"summary_large_image\" \/>\n<script type=\"application\/ld+json\" class=\"yoast-schema-graph\">{\"@context\":\"https:\/\/schema.org\",\"@graph\":[{\"@type\":\"WebPage\",\"@id\":\"https:\/\/windowslatvia.com\/lv\/impresums\/\",\"url\":\"https:\/\/windowslatvia.com\/lv\/impresums\/\",\"name\":\"Impresums | Windows Latvia - Illuminator Latvia SIA\",\"isPartOf\":{\"@id\":\"https:\/\/windowslatvia.com\/lv\/#website\"},\"datePublished\":\"2026-03-26T21:35:18+00:00\",\"dateModified\":\"2026-04-21T19:59:31+00:00\",\"description\":\"Juridisk\u0101 inform\u0101cija: Illuminator Latvia SIA, re\u0123. Nr. 40203380111, PVN Nr. LV40203380111, Kalnciems. P\u0101rst\u0101vis, uzraudz\u012bbas iest\u0101des, ES ODR.\",\"breadcrumb\":{\"@id\":\"https:\/\/windowslatvia.com\/lv\/impresums\/#breadcrumb\"},\"inLanguage\":\"lv-LV\",\"potentialAction\":[{\"@type\":\"ReadAction\",\"target\":[\"https:\/\/windowslatvia.com\/lv\/impresums\/\"]}]},{\"@type\":\"BreadcrumbList\",\"@id\":\"https:\/\/windowslatvia.com\/lv\/impresums\/#breadcrumb\",\"itemListElement\":[{\"@type\":\"ListItem\",\"position\":1,\"name\":\"S\u0101kums\",\"item\":\"https:\/\/windowslatvia.com\/lv\/\"},{\"@type\":\"ListItem\",\"position\":2,\"name\":\"Impresums\"}]},{\"@type\":\"WebSite\",\"@id\":\"https:\/\/windowslatvia.com\/lv\/#website\",\"url\":\"https:\/\/windowslatvia.com\/lv\/\",\"name\":\"Windows Latvia\",\"description\":\"Kvalitat\u012bvs rokdarba koka logu ra\u017eot\u0101js no Latvijas. Vair\u0101k nek\u0101 gadsimts pieredzes.\",\"publisher\":{\"@id\":\"https:\/\/windowslatvia.com\/lv\/#organization\"},\"alternateName\":\"Wooden Windows Manufacturer Latvia\",\"potentialAction\":[{\"@type\":\"SearchAction\",\"target\":{\"@type\":\"EntryPoint\",\"urlTemplate\":\"https:\/\/windowslatvia.com\/lv\/?s={search_term_string}\"},\"query-input\":{\"@type\":\"PropertyValueSpecification\",\"valueRequired\":true,\"valueName\":\"search_term_string\"}}],\"inLanguage\":\"lv-LV\"},{\"@type\":\"Organization\",\"@id\":\"https:\/\/windowslatvia.com\/lv\/#organization\",\"name\":\"Windows Latvia\",\"alternateName\":\"Wooden Windows Manufacturer Latvia\",\"url\":\"https:\/\/windowslatvia.com\/lv\/\",\"logo\":{\"@type\":\"ImageObject\",\"inLanguage\":\"lv-LV\",\"@id\":\"https:\/\/windowslatvia.com\/lv\/#\/schema\/logo\/image\/\",\"url\":\"https:\/\/windowslatvia.com\/wp-content\/uploads\/2026\/03\/wl-logo.png\",\"contentUrl\":\"https:\/\/windowslatvia.com\/wp-content\/uploads\/2026\/03\/wl-logo.png\",\"width\":184,\"height\":72,\"caption\":\"Windows Latvia\"},\"image\":{\"@id\":\"https:\/\/windowslatvia.com\/lv\/#\/schema\/logo\/image\/\"},\"sameAs\":[\"https:\/\/www.instagram.com\/windowslatvia\/\",\"https:\/\/www.facebook.com\/profile.php?id=61555615866217\",\"https:\/\/www.linkedin.com\/company\/windows-latvia-timber-windows-doors\/\",\"https:\/\/www.tiktok.com\/@windowslatvia.net\"],\"legalName\":\"Illuminator Latvia SIA\",\"description\":\"Kvalitat\u012bvs rokdarba koka logu ra\u017eot\u0101js no Latvijas. Vair\u0101k nek\u0101 gadsimts pieredzes, moderna in\u017eenierija, pieg\u0101de vis\u0101 Eirop\u0101.\",\"knowsAbout\":[\"koka logi\",\"koka durvis\",\"pas\u012bvo m\u0101ju logi\",\"ugunsdro\u0161ie logi\"],\"foundingDate\":\"1890\",\"numberOfEmployees\":{\"@type\":\"QuantitativeValue\",\"minValue\":11,\"maxValue\":50},\"address\":{\"@type\":\"PostalAddress\",\"streetAddress\":\"Jelgavas iela 27\",\"addressLocality\":\"Kalnciems\",\"postalCode\":\"LV-3016\",\"addressCountry\":\"LV\"},\"contactPoint\":[{\"@type\":\"ContactPoint\",\"telephone\":\"+371-27-063-302\",\"contactType\":\"sales\",\"name\":\"Kristiana Lipenite\",\"availableLanguage\":[\"English\",\"Latvian\",\"Russian\"]},{\"@type\":\"ContactPoint\",\"telephone\":\"+371-25-152-244\",\"contactType\":\"customer service\",\"name\":\"Uldis Tretjakovs\",\"availableLanguage\":[\"Latvian\",\"Russian\"]}],\"areaServed\":[\"Europe\"],\"hasCredential\":[{\"@type\":\"EducationalOccupationalCredential\",\"credentialCategory\":\"certification\",\"name\":\"ISO 9001:2015\"},{\"@type\":\"EducationalOccupationalCredential\",\"credentialCategory\":\"certification\",\"name\":\"ISO 14001:2015\"},{\"@type\":\"EducationalOccupationalCredential\",\"credentialCategory\":\"certification\",\"name\":\"CE Marking\"},{\"@type\":\"EducationalOccupationalCredential\",\"credentialCategory\":\"certification\",\"name\":\"Secured by Design\"}]}]}<\/script>\n<!-- \/ Yoast SEO plugin. -->","yoast_head_json":{"title":"Impresums | Windows Latvia - Illuminator Latvia SIA","description":"Juridisk\u0101 inform\u0101cija: Illuminator Latvia SIA, re\u0123. Nr. 40203380111, PVN Nr. LV40203380111, Kalnciems. P\u0101rst\u0101vis, uzraudz\u012bbas iest\u0101des, ES ODR.","robots":{"index":"index","follow":"follow","max-snippet":"max-snippet:-1","max-image-preview":"max-image-preview:large","max-video-preview":"max-video-preview:-1"},"canonical":"https:\/\/windowslatvia.com\/lv\/wp-json\/wp\/v2\/pages\/9168\/","og_locale":"lv_LV","og_type":"article","og_title":"Impresums | Windows Latvia - Illuminator Latvia SIA","og_description":"Juridisk\u0101 inform\u0101cija: Illuminator Latvia SIA, re\u0123. Nr. 40203380111, PVN Nr. LV40203380111, Kalnciems. P\u0101rst\u0101vis, uzraudz\u012bbas iest\u0101des, ES ODR.","og_url":"https:\/\/windowslatvia.com\/lv\/wp-json\/wp\/v2\/pages\/9168\/","og_site_name":"Windows Latvia","article_publisher":"https:\/\/www.facebook.com\/profile.php?id=61555615866217","article_modified_time":"2026-04-21T19:59:31+00:00","og_image":[{"width":1200,"height":630,"url":"https:\/\/windowslatvia.com\/wp-content\/uploads\/2026\/04\/og-home.jpg","type":"image\/jpeg"}],"twitter_card":"summary_large_image","schema":{"@context":"https:\/\/schema.org","@graph":[{"@type":"WebPage","@id":"https:\/\/windowslatvia.com\/lv\/impresums\/","url":"https:\/\/windowslatvia.com\/lv\/impresums\/","name":"Impresums | Windows Latvia - Illuminator Latvia SIA","isPartOf":{"@id":"https:\/\/windowslatvia.com\/lv\/#website"},"datePublished":"2026-03-26T21:35:18+00:00","dateModified":"2026-04-21T19:59:31+00:00","description":"Juridisk\u0101 inform\u0101cija: Illuminator Latvia SIA, re\u0123. Nr. 40203380111, PVN Nr. LV40203380111, Kalnciems. P\u0101rst\u0101vis, uzraudz\u012bbas iest\u0101des, ES ODR.","breadcrumb":{"@id":"https:\/\/windowslatvia.com\/lv\/impresums\/#breadcrumb"},"inLanguage":"lv-LV","potentialAction":[{"@type":"ReadAction","target":["https:\/\/windowslatvia.com\/lv\/impresums\/"]}]},{"@type":"BreadcrumbList","@id":"https:\/\/windowslatvia.com\/lv\/impresums\/#breadcrumb","itemListElement":[{"@type":"ListItem","position":1,"name":"S\u0101kums","item":"https:\/\/windowslatvia.com\/lv\/"},{"@type":"ListItem","position":2,"name":"Impresums"}]},{"@type":"WebSite","@id":"https:\/\/windowslatvia.com\/lv\/#website","url":"https:\/\/windowslatvia.com\/lv\/","name":"Windows Latvia","description":"Kvalitat\u012bvs rokdarba koka logu ra\u017eot\u0101js no Latvijas. Vair\u0101k nek\u0101 gadsimts pieredzes.","publisher":{"@id":"https:\/\/windowslatvia.com\/lv\/#organization"},"alternateName":"Wooden Windows Manufacturer Latvia","potentialAction":[{"@type":"SearchAction","target":{"@type":"EntryPoint","urlTemplate":"https:\/\/windowslatvia.com\/lv\/?s={search_term_string}"},"query-input":{"@type":"PropertyValueSpecification","valueRequired":true,"valueName":"search_term_string"}}],"inLanguage":"lv-LV"},{"@type":"Organization","@id":"https:\/\/windowslatvia.com\/lv\/#organization","name":"Windows Latvia","alternateName":"Wooden Windows Manufacturer Latvia","url":"https:\/\/windowslatvia.com\/lv\/","logo":{"@type":"ImageObject","inLanguage":"lv-LV","@id":"https:\/\/windowslatvia.com\/lv\/#\/schema\/logo\/image\/","url":"https:\/\/windowslatvia.com\/wp-content\/uploads\/2026\/03\/wl-logo.png","contentUrl":"https:\/\/windowslatvia.com\/wp-content\/uploads\/2026\/03\/wl-logo.png","width":184,"height":72,"caption":"Windows Latvia"},"image":{"@id":"https:\/\/windowslatvia.com\/lv\/#\/schema\/logo\/image\/"},"sameAs":["https:\/\/www.instagram.com\/windowslatvia\/","https:\/\/www.facebook.com\/profile.php?id=61555615866217","https:\/\/www.linkedin.com\/company\/windows-latvia-timber-windows-doors\/","https:\/\/www.tiktok.com\/@windowslatvia.net"],"legalName":"Illuminator Latvia SIA","description":"Kvalitat\u012bvs rokdarba koka logu ra\u017eot\u0101js no Latvijas. Vair\u0101k nek\u0101 gadsimts pieredzes, moderna in\u017eenierija, pieg\u0101de vis\u0101 Eirop\u0101.","knowsAbout":["koka logi","koka durvis","pas\u012bvo m\u0101ju logi","ugunsdro\u0161ie logi"],"foundingDate":"1890","numberOfEmployees":{"@type":"QuantitativeValue","minValue":11,"maxValue":50},"address":{"@type":"PostalAddress","streetAddress":"Jelgavas iela 27","addressLocality":"Kalnciems","postalCode":"LV-3016","addressCountry":"LV"},"contactPoint":[{"@type":"ContactPoint","telephone":"+371-27-063-302","contactType":"sales","name":"Kristiana Lipenite","availableLanguage":["English","Latvian","Russian"]},{"@type":"ContactPoint","telephone":"+371-25-152-244","contactType":"customer service","name":"Uldis Tretjakovs","availableLanguage":["Latvian","Russian"]}],"areaServed":["Europe"],"hasCredential":[{"@type":"EducationalOccupationalCredential","credentialCategory":"certification","name":"ISO 9001:2015"},{"@type":"EducationalOccupationalCredential","credentialCategory":"certification","name":"ISO 14001:2015"},{"@type":"EducationalOccupationalCredential","credentialCategory":"certification","name":"CE Marking"},{"@type":"EducationalOccupationalCredential","credentialCategory":"certification","name":"Secured by Design"}]}]}},"_links":{"self":[{"href":"https:\/\/windowslatvia.com\/lv\/wp-json\/wp\/v2\/pages\/9168","targetHints":{"allow":["GET"]}}],"collection":[{"href":"https:\/\/windowslatvia.com\/lv\/wp-json\/wp\/v2\/pages"}],"about":[{"href":"https:\/\/windowslatvia.com\/lv\/wp-json\/wp\/v2\/types\/page"}],"replies":[{"embeddable":true,"href":"https:\/\/windowslatvia.com\/lv\/wp-json\/wp\/v2\/comments?post=9168"}],"version-history":[{"count":0,"href":"https:\/\/windowslatvia.com\/lv\/wp-json\/wp\/v2\/pages\/9168\/revisions"}],"wp:attachment":[{"href":"https:\/\/windowslatvia.com\/lv\/wp-json\/wp\/v2\/media?parent=9168"}],"curies":[{"name":"wp","href":"https:\/\/api.w.org\/{rel}","templated":true}]}}