{"id":9166,"date":"2026-03-26T23:35:12","date_gmt":"2026-03-26T21:35:12","guid":{"rendered":"https:\/\/windowslatvia.com\/lietosanas-noteikumi\/"},"modified":"2026-04-21T22:59:03","modified_gmt":"2026-04-21T19:59:03","slug":"lietosanas-noteikumi","status":"publish","type":"page","link":"https:\/\/windowslatvia.com\/lv\/lietosanas-noteikumi\/","title":{"rendered":"Lieto\u0161anas noteikumi"},"content":{"rendered":"","protected":false},"excerpt":{"rendered":"","protected":false},"author":0,"featured_media":0,"parent":0,"menu_order":0,"comment_status":"closed","ping_status":"closed","template":"template-custom-page.php","meta":{"footnotes":""},"class_list":["post-9166","page","type-page","status-publish","hentry"],"yoast_head":"<!-- This site is optimized with the Yoast SEO plugin v27.2 - https:\/\/yoast.com\/product\/yoast-seo-wordpress\/ -->\n<title>Lieto\u0161anas noteikumi | Windows Latvia - Pas\u016bt\u012bjumi un garantija<\/title>\n<meta name=\"description\" content=\"Illuminator Latvia SIA lieto\u0161anas noteikumi: t\u0101mes, samaksa, komponentu b\u0101zes garantija, individu\u0101li pas\u016bt\u012bjumi, Latvijas ties\u012bbas, pat\u0113r\u0113t\u0101ju ties\u012bbas.\" \/>\n<meta name=\"robots\" content=\"index, follow, max-snippet:-1, max-image-preview:large, max-video-preview:-1\" \/>\n<link rel=\"canonical\" href=\"https:\/\/windowslatvia.com\/lv\/wp-json\/wp\/v2\/pages\/9166\/\" \/>\n<meta property=\"og:locale\" content=\"lv_LV\" \/>\n<meta property=\"og:type\" content=\"article\" \/>\n<meta property=\"og:title\" content=\"Lieto\u0161anas noteikumi | Windows Latvia - Pas\u016bt\u012bjumi un garantija\" \/>\n<meta property=\"og:description\" content=\"Illuminator Latvia SIA lieto\u0161anas noteikumi: t\u0101mes, samaksa, komponentu b\u0101zes garantija, individu\u0101li pas\u016bt\u012bjumi, Latvijas ties\u012bbas, pat\u0113r\u0113t\u0101ju ties\u012bbas.\" \/>\n<meta property=\"og:url\" content=\"https:\/\/windowslatvia.com\/lv\/wp-json\/wp\/v2\/pages\/9166\/\" \/>\n<meta property=\"og:site_name\" content=\"Windows Latvia\" \/>\n<meta property=\"article:publisher\" content=\"https:\/\/www.facebook.com\/profile.php?id=61555615866217\" \/>\n<meta property=\"article:modified_time\" content=\"2026-04-21T19:59:03+00:00\" \/>\n<meta property=\"og:image\" content=\"https:\/\/windowslatvia.com\/wp-content\/uploads\/2026\/04\/og-home.jpg\" \/>\n\t<meta property=\"og:image:width\" content=\"1200\" \/>\n\t<meta property=\"og:image:height\" content=\"630\" \/>\n\t<meta property=\"og:image:type\" content=\"image\/jpeg\" \/>\n<meta name=\"twitter:card\" content=\"summary_large_image\" \/>\n<script type=\"application\/ld+json\" class=\"yoast-schema-graph\">{\"@context\":\"https:\/\/schema.org\",\"@graph\":[{\"@type\":\"WebPage\",\"@id\":\"https:\/\/windowslatvia.com\/lv\/lietosanas-noteikumi\/\",\"url\":\"https:\/\/windowslatvia.com\/lv\/lietosanas-noteikumi\/\",\"name\":\"Lieto\u0161anas noteikumi | Windows Latvia - Pas\u016bt\u012bjumi un garantija\",\"isPartOf\":{\"@id\":\"https:\/\/windowslatvia.com\/lv\/#website\"},\"datePublished\":\"2026-03-26T21:35:12+00:00\",\"dateModified\":\"2026-04-21T19:59:03+00:00\",\"description\":\"Illuminator Latvia SIA lieto\u0161anas noteikumi: t\u0101mes, samaksa, komponentu b\u0101zes garantija, individu\u0101li pas\u016bt\u012bjumi, Latvijas ties\u012bbas, pat\u0113r\u0113t\u0101ju ties\u012bbas.\",\"breadcrumb\":{\"@id\":\"https:\/\/windowslatvia.com\/lv\/lietosanas-noteikumi\/#breadcrumb\"},\"inLanguage\":\"lv-LV\",\"potentialAction\":[{\"@type\":\"ReadAction\",\"target\":[\"https:\/\/windowslatvia.com\/lv\/lietosanas-noteikumi\/\"]}]},{\"@type\":\"BreadcrumbList\",\"@id\":\"https:\/\/windowslatvia.com\/lv\/lietosanas-noteikumi\/#breadcrumb\",\"itemListElement\":[{\"@type\":\"ListItem\",\"position\":1,\"name\":\"S\u0101kums\",\"item\":\"https:\/\/windowslatvia.com\/lv\/\"},{\"@type\":\"ListItem\",\"position\":2,\"name\":\"Lieto\u0161anas noteikumi\"}]},{\"@type\":\"WebSite\",\"@id\":\"https:\/\/windowslatvia.com\/lv\/#website\",\"url\":\"https:\/\/windowslatvia.com\/lv\/\",\"name\":\"Windows Latvia\",\"description\":\"Kvalitat\u012bvs rokdarba koka logu ra\u017eot\u0101js no Latvijas. Vair\u0101k nek\u0101 gadsimts pieredzes.\",\"publisher\":{\"@id\":\"https:\/\/windowslatvia.com\/lv\/#organization\"},\"alternateName\":\"Wooden Windows Manufacturer Latvia\",\"potentialAction\":[{\"@type\":\"SearchAction\",\"target\":{\"@type\":\"EntryPoint\",\"urlTemplate\":\"https:\/\/windowslatvia.com\/lv\/?s={search_term_string}\"},\"query-input\":{\"@type\":\"PropertyValueSpecification\",\"valueRequired\":true,\"valueName\":\"search_term_string\"}}],\"inLanguage\":\"lv-LV\"},{\"@type\":\"Organization\",\"@id\":\"https:\/\/windowslatvia.com\/lv\/#organization\",\"name\":\"Windows Latvia\",\"alternateName\":\"Wooden Windows Manufacturer Latvia\",\"url\":\"https:\/\/windowslatvia.com\/lv\/\",\"logo\":{\"@type\":\"ImageObject\",\"inLanguage\":\"lv-LV\",\"@id\":\"https:\/\/windowslatvia.com\/lv\/#\/schema\/logo\/image\/\",\"url\":\"https:\/\/windowslatvia.com\/wp-content\/uploads\/2026\/03\/wl-logo.png\",\"contentUrl\":\"https:\/\/windowslatvia.com\/wp-content\/uploads\/2026\/03\/wl-logo.png\",\"width\":184,\"height\":72,\"caption\":\"Windows Latvia\"},\"image\":{\"@id\":\"https:\/\/windowslatvia.com\/lv\/#\/schema\/logo\/image\/\"},\"sameAs\":[\"https:\/\/www.instagram.com\/windowslatvia\/\",\"https:\/\/www.facebook.com\/profile.php?id=61555615866217\",\"https:\/\/www.linkedin.com\/company\/windows-latvia-timber-windows-doors\/\",\"https:\/\/www.tiktok.com\/@windowslatvia.net\"],\"legalName\":\"Illuminator Latvia SIA\",\"description\":\"Kvalitat\u012bvs rokdarba koka logu ra\u017eot\u0101js no Latvijas. Vair\u0101k nek\u0101 gadsimts pieredzes, moderna in\u017eenierija, pieg\u0101de vis\u0101 Eirop\u0101.\",\"knowsAbout\":[\"koka logi\",\"koka durvis\",\"pas\u012bvo m\u0101ju logi\",\"ugunsdro\u0161ie logi\"],\"foundingDate\":\"1890\",\"numberOfEmployees\":{\"@type\":\"QuantitativeValue\",\"minValue\":11,\"maxValue\":50},\"address\":{\"@type\":\"PostalAddress\",\"streetAddress\":\"Jelgavas iela 27\",\"addressLocality\":\"Kalnciems\",\"postalCode\":\"LV-3016\",\"addressCountry\":\"LV\"},\"contactPoint\":[{\"@type\":\"ContactPoint\",\"telephone\":\"+371-27-063-302\",\"contactType\":\"sales\",\"name\":\"Kristiana Lipenite\",\"availableLanguage\":[\"English\",\"Latvian\",\"Russian\"]},{\"@type\":\"ContactPoint\",\"telephone\":\"+371-25-152-244\",\"contactType\":\"customer service\",\"name\":\"Uldis Tretjakovs\",\"availableLanguage\":[\"Latvian\",\"Russian\"]}],\"areaServed\":[\"Europe\"],\"hasCredential\":[{\"@type\":\"EducationalOccupationalCredential\",\"credentialCategory\":\"certification\",\"name\":\"ISO 9001:2015\"},{\"@type\":\"EducationalOccupationalCredential\",\"credentialCategory\":\"certification\",\"name\":\"ISO 14001:2015\"},{\"@type\":\"EducationalOccupationalCredential\",\"credentialCategory\":\"certification\",\"name\":\"CE Marking\"},{\"@type\":\"EducationalOccupationalCredential\",\"credentialCategory\":\"certification\",\"name\":\"Secured by Design\"}]}]}<\/script>\n<!-- \/ Yoast SEO plugin. -->","yoast_head_json":{"title":"Lieto\u0161anas noteikumi | Windows Latvia - Pas\u016bt\u012bjumi un garantija","description":"Illuminator Latvia SIA lieto\u0161anas noteikumi: t\u0101mes, samaksa, komponentu b\u0101zes garantija, individu\u0101li pas\u016bt\u012bjumi, Latvijas ties\u012bbas, pat\u0113r\u0113t\u0101ju ties\u012bbas.","robots":{"index":"index","follow":"follow","max-snippet":"max-snippet:-1","max-image-preview":"max-image-preview:large","max-video-preview":"max-video-preview:-1"},"canonical":"https:\/\/windowslatvia.com\/lv\/wp-json\/wp\/v2\/pages\/9166\/","og_locale":"lv_LV","og_type":"article","og_title":"Lieto\u0161anas noteikumi | Windows Latvia - Pas\u016bt\u012bjumi un garantija","og_description":"Illuminator Latvia SIA lieto\u0161anas noteikumi: t\u0101mes, samaksa, komponentu b\u0101zes garantija, individu\u0101li pas\u016bt\u012bjumi, Latvijas ties\u012bbas, pat\u0113r\u0113t\u0101ju ties\u012bbas.","og_url":"https:\/\/windowslatvia.com\/lv\/wp-json\/wp\/v2\/pages\/9166\/","og_site_name":"Windows Latvia","article_publisher":"https:\/\/www.facebook.com\/profile.php?id=61555615866217","article_modified_time":"2026-04-21T19:59:03+00:00","og_image":[{"width":1200,"height":630,"url":"https:\/\/windowslatvia.com\/wp-content\/uploads\/2026\/04\/og-home.jpg","type":"image\/jpeg"}],"twitter_card":"summary_large_image","schema":{"@context":"https:\/\/schema.org","@graph":[{"@type":"WebPage","@id":"https:\/\/windowslatvia.com\/lv\/lietosanas-noteikumi\/","url":"https:\/\/windowslatvia.com\/lv\/lietosanas-noteikumi\/","name":"Lieto\u0161anas noteikumi | Windows Latvia - Pas\u016bt\u012bjumi un garantija","isPartOf":{"@id":"https:\/\/windowslatvia.com\/lv\/#website"},"datePublished":"2026-03-26T21:35:12+00:00","dateModified":"2026-04-21T19:59:03+00:00","description":"Illuminator Latvia SIA lieto\u0161anas noteikumi: t\u0101mes, samaksa, komponentu b\u0101zes garantija, individu\u0101li pas\u016bt\u012bjumi, Latvijas ties\u012bbas, pat\u0113r\u0113t\u0101ju ties\u012bbas.","breadcrumb":{"@id":"https:\/\/windowslatvia.com\/lv\/lietosanas-noteikumi\/#breadcrumb"},"inLanguage":"lv-LV","potentialAction":[{"@type":"ReadAction","target":["https:\/\/windowslatvia.com\/lv\/lietosanas-noteikumi\/"]}]},{"@type":"BreadcrumbList","@id":"https:\/\/windowslatvia.com\/lv\/lietosanas-noteikumi\/#breadcrumb","itemListElement":[{"@type":"ListItem","position":1,"name":"S\u0101kums","item":"https:\/\/windowslatvia.com\/lv\/"},{"@type":"ListItem","position":2,"name":"Lieto\u0161anas noteikumi"}]},{"@type":"WebSite","@id":"https:\/\/windowslatvia.com\/lv\/#website","url":"https:\/\/windowslatvia.com\/lv\/","name":"Windows Latvia","description":"Kvalitat\u012bvs rokdarba koka logu ra\u017eot\u0101js no Latvijas. Vair\u0101k nek\u0101 gadsimts pieredzes.","publisher":{"@id":"https:\/\/windowslatvia.com\/lv\/#organization"},"alternateName":"Wooden Windows Manufacturer Latvia","potentialAction":[{"@type":"SearchAction","target":{"@type":"EntryPoint","urlTemplate":"https:\/\/windowslatvia.com\/lv\/?s={search_term_string}"},"query-input":{"@type":"PropertyValueSpecification","valueRequired":true,"valueName":"search_term_string"}}],"inLanguage":"lv-LV"},{"@type":"Organization","@id":"https:\/\/windowslatvia.com\/lv\/#organization","name":"Windows Latvia","alternateName":"Wooden Windows Manufacturer Latvia","url":"https:\/\/windowslatvia.com\/lv\/","logo":{"@type":"ImageObject","inLanguage":"lv-LV","@id":"https:\/\/windowslatvia.com\/lv\/#\/schema\/logo\/image\/","url":"https:\/\/windowslatvia.com\/wp-content\/uploads\/2026\/03\/wl-logo.png","contentUrl":"https:\/\/windowslatvia.com\/wp-content\/uploads\/2026\/03\/wl-logo.png","width":184,"height":72,"caption":"Windows Latvia"},"image":{"@id":"https:\/\/windowslatvia.com\/lv\/#\/schema\/logo\/image\/"},"sameAs":["https:\/\/www.instagram.com\/windowslatvia\/","https:\/\/www.facebook.com\/profile.php?id=61555615866217","https:\/\/www.linkedin.com\/company\/windows-latvia-timber-windows-doors\/","https:\/\/www.tiktok.com\/@windowslatvia.net"],"legalName":"Illuminator Latvia SIA","description":"Kvalitat\u012bvs rokdarba koka logu ra\u017eot\u0101js no Latvijas. Vair\u0101k nek\u0101 gadsimts pieredzes, moderna in\u017eenierija, pieg\u0101de vis\u0101 Eirop\u0101.","knowsAbout":["koka logi","koka durvis","pas\u012bvo m\u0101ju logi","ugunsdro\u0161ie logi"],"foundingDate":"1890","numberOfEmployees":{"@type":"QuantitativeValue","minValue":11,"maxValue":50},"address":{"@type":"PostalAddress","streetAddress":"Jelgavas iela 27","addressLocality":"Kalnciems","postalCode":"LV-3016","addressCountry":"LV"},"contactPoint":[{"@type":"ContactPoint","telephone":"+371-27-063-302","contactType":"sales","name":"Kristiana Lipenite","availableLanguage":["English","Latvian","Russian"]},{"@type":"ContactPoint","telephone":"+371-25-152-244","contactType":"customer service","name":"Uldis Tretjakovs","availableLanguage":["Latvian","Russian"]}],"areaServed":["Europe"],"hasCredential":[{"@type":"EducationalOccupationalCredential","credentialCategory":"certification","name":"ISO 9001:2015"},{"@type":"EducationalOccupationalCredential","credentialCategory":"certification","name":"ISO 14001:2015"},{"@type":"EducationalOccupationalCredential","credentialCategory":"certification","name":"CE Marking"},{"@type":"EducationalOccupationalCredential","credentialCategory":"certification","name":"Secured by Design"}]}]}},"_links":{"self":[{"href":"https:\/\/windowslatvia.com\/lv\/wp-json\/wp\/v2\/pages\/9166","targetHints":{"allow":["GET"]}}],"collection":[{"href":"https:\/\/windowslatvia.com\/lv\/wp-json\/wp\/v2\/pages"}],"about":[{"href":"https:\/\/windowslatvia.com\/lv\/wp-json\/wp\/v2\/types\/page"}],"replies":[{"embeddable":true,"href":"https:\/\/windowslatvia.com\/lv\/wp-json\/wp\/v2\/comments?post=9166"}],"version-history":[{"count":0,"href":"https:\/\/windowslatvia.com\/lv\/wp-json\/wp\/v2\/pages\/9166\/revisions"}],"wp:attachment":[{"href":"https:\/\/windowslatvia.com\/lv\/wp-json\/wp\/v2\/media?parent=9166"}],"curies":[{"name":"wp","href":"https:\/\/api.w.org\/{rel}","templated":true}]}}