{"id":9541,"date":"2026-04-28T19:40:56","date_gmt":"2026-04-28T16:40:56","guid":{"rendered":"https:\/\/windowslatvia.com\/produkte\/"},"modified":"2026-04-28T19:40:56","modified_gmt":"2026-04-28T16:40:56","slug":"produkte","status":"publish","type":"page","link":"https:\/\/windowslatvia.com\/de\/produkte\/","title":{"rendered":"Produkte &#8211; Holzfenster und -t\u00fcren | Windows Latvia"},"content":{"rendered":"","protected":false},"excerpt":{"rendered":"","protected":false},"author":1,"featured_media":0,"parent":0,"menu_order":0,"comment_status":"closed","ping_status":"closed","template":"template-custom-page.php","meta":{"footnotes":""},"class_list":["post-9541","page","type-page","status-publish","hentry"],"yoast_head":"<!-- This site is optimized with the Yoast SEO plugin v27.2 - https:\/\/yoast.com\/product\/yoast-seo-wordpress\/ -->\n<title>Holzfenster und -t\u00fcren - Komplettes Sortiment | Windows Latvia<\/title>\n<meta name=\"description\" content=\"Komplettes Sortiment Holzfenster und -t\u00fcren aus Lettland: Dreh-Kipp, skandinavisch, Holz-Aluminium, Brandschutz, Hebeschiebe, Eingangst\u00fcren. ECO 68\/92\/Premium 115.\" \/>\n<meta name=\"robots\" content=\"index, follow, max-snippet:-1, max-image-preview:large, max-video-preview:-1\" \/>\n<link rel=\"canonical\" href=\"https:\/\/windowslatvia.com\/de\/produkte\/\" \/>\n<meta property=\"og:locale\" content=\"de_DE\" \/>\n<meta property=\"og:type\" content=\"article\" \/>\n<meta property=\"og:title\" content=\"Holzfenster und -t\u00fcren - Komplettes Sortiment | Windows Latvia\" \/>\n<meta property=\"og:description\" content=\"Komplettes Sortiment Holzfenster und -t\u00fcren aus Lettland: Dreh-Kipp, skandinavisch, Holz-Aluminium, Brandschutz, Hebeschiebe, Eingangst\u00fcren. ECO 68\/92\/Premium 115.\" \/>\n<meta property=\"og:url\" content=\"https:\/\/windowslatvia.com\/de\/produkte\/\" \/>\n<meta property=\"og:site_name\" content=\"Windows Latvia\" \/>\n<meta property=\"article:publisher\" content=\"https:\/\/www.facebook.com\/profile.php?id=61555615866217\" \/>\n<meta property=\"og:image\" content=\"https:\/\/windowslatvia.com\/wp-content\/uploads\/2026\/04\/og-home.jpg\" \/>\n\t<meta property=\"og:image:width\" content=\"1200\" \/>\n\t<meta property=\"og:image:height\" content=\"630\" \/>\n\t<meta property=\"og:image:type\" content=\"image\/jpeg\" \/>\n<meta name=\"twitter:card\" content=\"summary_large_image\" \/>\n<script type=\"application\/ld+json\" class=\"yoast-schema-graph\">{\"@context\":\"https:\/\/schema.org\",\"@graph\":[{\"@type\":\"WebPage\",\"@id\":\"https:\/\/windowslatvia.com\/de\/produkte\/\",\"url\":\"https:\/\/windowslatvia.com\/de\/produkte\/\",\"name\":\"Holzfenster und -t\u00fcren - Komplettes Sortiment | Windows Latvia\",\"isPartOf\":{\"@id\":\"https:\/\/windowslatvia.com\/de\/#website\"},\"datePublished\":\"2026-04-28T16:40:56+00:00\",\"description\":\"Komplettes Sortiment Holzfenster und -t\u00fcren aus Lettland: Dreh-Kipp, skandinavisch, Holz-Aluminium, Brandschutz, Hebeschiebe, Eingangst\u00fcren. ECO 68\/92\/Premium 115.\",\"breadcrumb\":{\"@id\":\"https:\/\/windowslatvia.com\/de\/produkte\/#breadcrumb\"},\"inLanguage\":\"de\",\"potentialAction\":[{\"@type\":\"ReadAction\",\"target\":[\"https:\/\/windowslatvia.com\/de\/produkte\/\"]}]},{\"@type\":\"BreadcrumbList\",\"@id\":\"https:\/\/windowslatvia.com\/de\/produkte\/#breadcrumb\",\"itemListElement\":[{\"@type\":\"ListItem\",\"position\":1,\"name\":\"Home\",\"item\":\"https:\/\/windowslatvia.com\/de\/home-de\/\"},{\"@type\":\"ListItem\",\"position\":2,\"name\":\"Produkte &#8211; Holzfenster und -t\u00fcren | Windows Latvia\"}]},{\"@type\":\"WebSite\",\"@id\":\"https:\/\/windowslatvia.com\/de\/#website\",\"url\":\"https:\/\/windowslatvia.com\/de\/\",\"name\":\"Windows Latvia\",\"description\":\"Premium Wooden Windows\",\"publisher\":{\"@id\":\"https:\/\/windowslatvia.com\/de\/#organization\"},\"alternateName\":\"Wooden Windows Manufacturer Latvia\",\"potentialAction\":[{\"@type\":\"SearchAction\",\"target\":{\"@type\":\"EntryPoint\",\"urlTemplate\":\"https:\/\/windowslatvia.com\/de\/?s={search_term_string}\"},\"query-input\":{\"@type\":\"PropertyValueSpecification\",\"valueRequired\":true,\"valueName\":\"search_term_string\"}}],\"inLanguage\":\"de\"},{\"@type\":\"Organization\",\"@id\":\"https:\/\/windowslatvia.com\/de\/#organization\",\"name\":\"Windows Latvia\",\"alternateName\":\"Wooden Windows Manufacturer Latvia\",\"url\":\"https:\/\/windowslatvia.com\/de\/\",\"logo\":{\"@type\":\"ImageObject\",\"inLanguage\":\"de\",\"@id\":\"https:\/\/windowslatvia.com\/de\/#\/schema\/logo\/image\/\",\"url\":\"https:\/\/windowslatvia.com\/wp-content\/uploads\/2026\/03\/wl-logo.png\",\"contentUrl\":\"https:\/\/windowslatvia.com\/wp-content\/uploads\/2026\/03\/wl-logo.png\",\"width\":184,\"height\":72,\"caption\":\"Windows Latvia\"},\"image\":{\"@id\":\"https:\/\/windowslatvia.com\/de\/#\/schema\/logo\/image\/\"},\"sameAs\":[\"https:\/\/www.instagram.com\/windowslatvia\/\",\"https:\/\/www.facebook.com\/profile.php?id=61555615866217\",\"https:\/\/www.linkedin.com\/company\/windows-latvia-timber-windows-doors\/\",\"https:\/\/www.tiktok.com\/@windowslatvia.net\"],\"legalName\":\"Illuminator Latvia SIA\",\"description\":\"Premium handcrafted wooden windows manufacturer from Latvia. Over a century of heritage, modern engineering, delivered across Europe.\",\"knowsAbout\":[\"wooden windows\",\"timber windows\",\"passive house windows\",\"fire-resistant windows\"],\"foundingDate\":\"1890\",\"numberOfEmployees\":{\"@type\":\"QuantitativeValue\",\"minValue\":11,\"maxValue\":50},\"address\":{\"@type\":\"PostalAddress\",\"streetAddress\":\"Jelgavas iela 27\",\"addressLocality\":\"Kalnciems\",\"postalCode\":\"LV-3016\",\"addressCountry\":\"LV\"},\"contactPoint\":[{\"@type\":\"ContactPoint\",\"telephone\":\"+371-27-063-302\",\"contactType\":\"sales\",\"name\":\"Kristiana Lipenite\",\"availableLanguage\":[\"English\",\"Latvian\",\"Russian\"]},{\"@type\":\"ContactPoint\",\"telephone\":\"+371-25-152-244\",\"contactType\":\"customer service\",\"name\":\"Uldis Tretjakovs\",\"availableLanguage\":[\"Latvian\",\"Russian\"]}],\"areaServed\":[\"Europe\"],\"hasCredential\":[{\"@type\":\"EducationalOccupationalCredential\",\"credentialCategory\":\"certification\",\"name\":\"ISO 9001:2015\"},{\"@type\":\"EducationalOccupationalCredential\",\"credentialCategory\":\"certification\",\"name\":\"ISO 14001:2015\"},{\"@type\":\"EducationalOccupationalCredential\",\"credentialCategory\":\"certification\",\"name\":\"CE Marking\"},{\"@type\":\"EducationalOccupationalCredential\",\"credentialCategory\":\"certification\",\"name\":\"Secured by Design\"}]}]}<\/script>\n<!-- \/ Yoast SEO plugin. -->","yoast_head_json":{"title":"Holzfenster und -t\u00fcren - Komplettes Sortiment | Windows Latvia","description":"Komplettes Sortiment Holzfenster und -t\u00fcren aus Lettland: Dreh-Kipp, skandinavisch, Holz-Aluminium, Brandschutz, Hebeschiebe, Eingangst\u00fcren. ECO 68\/92\/Premium 115.","robots":{"index":"index","follow":"follow","max-snippet":"max-snippet:-1","max-image-preview":"max-image-preview:large","max-video-preview":"max-video-preview:-1"},"canonical":"https:\/\/windowslatvia.com\/de\/produkte\/","og_locale":"de_DE","og_type":"article","og_title":"Holzfenster und -t\u00fcren - Komplettes Sortiment | Windows Latvia","og_description":"Komplettes Sortiment Holzfenster und -t\u00fcren aus Lettland: Dreh-Kipp, skandinavisch, Holz-Aluminium, Brandschutz, Hebeschiebe, Eingangst\u00fcren. ECO 68\/92\/Premium 115.","og_url":"https:\/\/windowslatvia.com\/de\/produkte\/","og_site_name":"Windows Latvia","article_publisher":"https:\/\/www.facebook.com\/profile.php?id=61555615866217","og_image":[{"width":1200,"height":630,"url":"https:\/\/windowslatvia.com\/wp-content\/uploads\/2026\/04\/og-home.jpg","type":"image\/jpeg"}],"twitter_card":"summary_large_image","schema":{"@context":"https:\/\/schema.org","@graph":[{"@type":"WebPage","@id":"https:\/\/windowslatvia.com\/de\/produkte\/","url":"https:\/\/windowslatvia.com\/de\/produkte\/","name":"Holzfenster und -t\u00fcren - Komplettes Sortiment | Windows Latvia","isPartOf":{"@id":"https:\/\/windowslatvia.com\/de\/#website"},"datePublished":"2026-04-28T16:40:56+00:00","description":"Komplettes Sortiment Holzfenster und -t\u00fcren aus Lettland: Dreh-Kipp, skandinavisch, Holz-Aluminium, Brandschutz, Hebeschiebe, Eingangst\u00fcren. ECO 68\/92\/Premium 115.","breadcrumb":{"@id":"https:\/\/windowslatvia.com\/de\/produkte\/#breadcrumb"},"inLanguage":"de","potentialAction":[{"@type":"ReadAction","target":["https:\/\/windowslatvia.com\/de\/produkte\/"]}]},{"@type":"BreadcrumbList","@id":"https:\/\/windowslatvia.com\/de\/produkte\/#breadcrumb","itemListElement":[{"@type":"ListItem","position":1,"name":"Home","item":"https:\/\/windowslatvia.com\/de\/home-de\/"},{"@type":"ListItem","position":2,"name":"Produkte &#8211; Holzfenster und -t\u00fcren | Windows Latvia"}]},{"@type":"WebSite","@id":"https:\/\/windowslatvia.com\/de\/#website","url":"https:\/\/windowslatvia.com\/de\/","name":"Windows Latvia","description":"Premium Wooden Windows","publisher":{"@id":"https:\/\/windowslatvia.com\/de\/#organization"},"alternateName":"Wooden Windows Manufacturer Latvia","potentialAction":[{"@type":"SearchAction","target":{"@type":"EntryPoint","urlTemplate":"https:\/\/windowslatvia.com\/de\/?s={search_term_string}"},"query-input":{"@type":"PropertyValueSpecification","valueRequired":true,"valueName":"search_term_string"}}],"inLanguage":"de"},{"@type":"Organization","@id":"https:\/\/windowslatvia.com\/de\/#organization","name":"Windows Latvia","alternateName":"Wooden Windows Manufacturer Latvia","url":"https:\/\/windowslatvia.com\/de\/","logo":{"@type":"ImageObject","inLanguage":"de","@id":"https:\/\/windowslatvia.com\/de\/#\/schema\/logo\/image\/","url":"https:\/\/windowslatvia.com\/wp-content\/uploads\/2026\/03\/wl-logo.png","contentUrl":"https:\/\/windowslatvia.com\/wp-content\/uploads\/2026\/03\/wl-logo.png","width":184,"height":72,"caption":"Windows Latvia"},"image":{"@id":"https:\/\/windowslatvia.com\/de\/#\/schema\/logo\/image\/"},"sameAs":["https:\/\/www.instagram.com\/windowslatvia\/","https:\/\/www.facebook.com\/profile.php?id=61555615866217","https:\/\/www.linkedin.com\/company\/windows-latvia-timber-windows-doors\/","https:\/\/www.tiktok.com\/@windowslatvia.net"],"legalName":"Illuminator Latvia SIA","description":"Premium handcrafted wooden windows manufacturer from Latvia. Over a century of heritage, modern engineering, delivered across Europe.","knowsAbout":["wooden windows","timber windows","passive house windows","fire-resistant windows"],"foundingDate":"1890","numberOfEmployees":{"@type":"QuantitativeValue","minValue":11,"maxValue":50},"address":{"@type":"PostalAddress","streetAddress":"Jelgavas iela 27","addressLocality":"Kalnciems","postalCode":"LV-3016","addressCountry":"LV"},"contactPoint":[{"@type":"ContactPoint","telephone":"+371-27-063-302","contactType":"sales","name":"Kristiana Lipenite","availableLanguage":["English","Latvian","Russian"]},{"@type":"ContactPoint","telephone":"+371-25-152-244","contactType":"customer service","name":"Uldis Tretjakovs","availableLanguage":["Latvian","Russian"]}],"areaServed":["Europe"],"hasCredential":[{"@type":"EducationalOccupationalCredential","credentialCategory":"certification","name":"ISO 9001:2015"},{"@type":"EducationalOccupationalCredential","credentialCategory":"certification","name":"ISO 14001:2015"},{"@type":"EducationalOccupationalCredential","credentialCategory":"certification","name":"CE Marking"},{"@type":"EducationalOccupationalCredential","credentialCategory":"certification","name":"Secured by Design"}]}]}},"_links":{"self":[{"href":"https:\/\/windowslatvia.com\/de\/wp-json\/wp\/v2\/pages\/9541","targetHints":{"allow":["GET"]}}],"collection":[{"href":"https:\/\/windowslatvia.com\/de\/wp-json\/wp\/v2\/pages"}],"about":[{"href":"https:\/\/windowslatvia.com\/de\/wp-json\/wp\/v2\/types\/page"}],"author":[{"embeddable":true,"href":"https:\/\/windowslatvia.com\/de\/wp-json\/wp\/v2\/users\/1"}],"replies":[{"embeddable":true,"href":"https:\/\/windowslatvia.com\/de\/wp-json\/wp\/v2\/comments?post=9541"}],"version-history":[{"count":0,"href":"https:\/\/windowslatvia.com\/de\/wp-json\/wp\/v2\/pages\/9541\/revisions"}],"wp:attachment":[{"href":"https:\/\/windowslatvia.com\/de\/wp-json\/wp\/v2\/media?parent=9541"}],"curies":[{"name":"wp","href":"https:\/\/api.w.org\/{rel}","templated":true}]}}